{"id":283,"date":"2026-02-03T11:48:27","date_gmt":"2026-02-03T10:48:27","guid":{"rendered":"https:\/\/juper.com\/inicio\/"},"modified":"2026-02-23T12:43:48","modified_gmt":"2026-02-23T11:43:48","slug":"inicio","status":"publish","type":"page","link":"https:\/\/juper.cat\/es\/","title":{"rendered":"Inicio"},"content":{"rendered":"\t\t<div data-elementor-type=\"wp-post\" data-elementor-id=\"283\" class=\"elementor elementor-283 elementor-9\" data-elementor-post-type=\"page\">\n\t\t\t\t<div class=\"elementor-element elementor-element-bdc0afc e-con-full e-flex e-con e-parent\" data-id=\"bdc0afc\" data-element_type=\"container\" data-e-type=\"container\" data-settings=\"{&quot;background_background&quot;:&quot;classic&quot;,&quot;jet_parallax_layout_list&quot;:[]}\">\n\t\t\t\t<div class=\"elementor-element elementor-element-7cf9e4d animated-slow elementor-invisible elementor-widget elementor-widget-heading\" data-id=\"7cf9e4d\" data-element_type=\"widget\" data-e-type=\"widget\" data-settings=\"{&quot;_animation&quot;:&quot;fadeInUp&quot;}\" data-widget_type=\"heading.default\">\n\t\t\t\t\t<h2 class=\"elementor-heading-title elementor-size-default\">Juper, soluciones creativas  <\/h2>\t\t\t\t<\/div>\n\t\t\t\t<div class=\"elementor-element elementor-element-202dd05 animated-slow elementor-invisible elementor-widget elementor-widget-heading\" data-id=\"202dd05\" data-element_type=\"widget\" data-e-type=\"widget\" data-settings=\"{&quot;_animation&quot;:&quot;fadeInUp&quot;,&quot;_animation_delay&quot;:100}\" data-widget_type=\"heading.default\">\n\t\t\t\t\t<h2 class=\"elementor-heading-title elementor-size-default\">Todo lo que necesitas, en un solo lugar: dise\u00f1o, fabricaci\u00f3n e instalaci\u00f3n  <\/h2>\t\t\t\t<\/div>\n\t\t\t\t<div class=\"elementor-element elementor-element-7247716 elementor-widget__width-initial animated-slow elementor-invisible elementor-widget elementor-widget-text-editor\" data-id=\"7247716\" data-element_type=\"widget\" data-e-type=\"widget\" data-settings=\"{&quot;_animation&quot;:&quot;fadeInUp&quot;,&quot;_animation_delay&quot;:200}\" data-widget_type=\"text-editor.default\">\n\t\t\t\t\t\t\t\t\t<p>Dise\u00f1amos, fabricamos e instalamos r\u00f3tulos que dan vida a tu marca. Materiales de calidad, acabados impecables y servicio integral para hacer realidad tu proyecto.  <\/p>\t\t\t\t\t\t\t\t<\/div>\n\t\t\t\t<div class=\"elementor-element elementor-element-ce75cbd elementor-align-center elementor-invisible elementor-widget elementor-widget-button\" data-id=\"ce75cbd\" data-element_type=\"widget\" data-e-type=\"widget\" data-settings=\"{&quot;_animation&quot;:&quot;zoomIn&quot;,&quot;_animation_delay&quot;:200}\" data-widget_type=\"button.default\">\n\t\t\t\t\t\t\t\t\t\t<a class=\"elementor-button elementor-button-link elementor-size-sm elementor-animation-shrink\" href=\"https:\/\/juper.cat\/es\/proyectos\/\">\n\t\t\t\t\t\t<span class=\"elementor-button-content-wrapper\">\n\t\t\t\t\t\t\t\t\t<span class=\"elementor-button-text\">Ver proyectos<\/span>\n\t\t\t\t\t<\/span>\n\t\t\t\t\t<\/a>\n\t\t\t\t\t\t\t\t<\/div>\n\t\t\t\t<\/div>\n\t\t<div class=\"elementor-element elementor-element-f6264a3 e-con-full animated-slow e-flex elementor-invisible e-con e-parent\" data-id=\"f6264a3\" data-element_type=\"container\" data-e-type=\"container\" data-settings=\"{&quot;background_background&quot;:&quot;classic&quot;,&quot;animation&quot;:&quot;fadeInUp&quot;,&quot;animation_delay&quot;:200,&quot;jet_parallax_layout_list&quot;:[]}\">\n\t\t<div class=\"elementor-element elementor-element-8bacd85 e-con-full e-flex e-con e-child\" data-id=\"8bacd85\" data-element_type=\"container\" data-e-type=\"container\" data-settings=\"{&quot;background_background&quot;:&quot;classic&quot;,&quot;jet_parallax_layout_list&quot;:[]}\">\n\t\t\t\t<div class=\"elementor-element elementor-element-84bc55e elementor-widget elementor-widget-heading\" data-id=\"84bc55e\" data-element_type=\"widget\" data-e-type=\"widget\" data-widget_type=\"heading.default\">\n\t\t\t\t\t<h3 class=\"elementor-heading-title elementor-size-default\">SERVICIOS<\/h3>\t\t\t\t<\/div>\n\t\t\t\t<\/div>\n\t\t<div class=\"elementor-element elementor-element-892dffe e-con-full e-flex e-con e-child\" data-id=\"892dffe\" data-element_type=\"container\" data-e-type=\"container\" data-settings=\"{&quot;jet_parallax_layout_list&quot;:[]}\">\n\t\t\t\t<div class=\"elementor-element elementor-element-7130ad6 elementor-widget__width-initial elementor-widget elementor-widget-text-editor\" data-id=\"7130ad6\" data-element_type=\"widget\" data-e-type=\"widget\" data-widget_type=\"text-editor.default\">\n\t\t\t\t\t\t\t\t\t<p>Ofrecemos un servicio integral ajustado a sus necesidades que va desde la creaci\u00f3n del dise\u00f1o hasta la producci\u00f3n y montaje final.  <\/p>\t\t\t\t\t\t\t\t<\/div>\n\t\t\t\t<div class=\"elementor-element elementor-element-621fbef elementor-mobile-align-center elementor-widget elementor-widget-button\" data-id=\"621fbef\" data-element_type=\"widget\" data-e-type=\"widget\" data-widget_type=\"button.default\">\n\t\t\t\t\t\t\t\t\t\t<a class=\"elementor-button elementor-button-link elementor-size-sm\" href=\"https:\/\/juper.cat\/es\/servicios\/\">\n\t\t\t\t\t\t<span class=\"elementor-button-content-wrapper\">\n\t\t\t\t\t\t\t\t\t<span class=\"elementor-button-text\">Descubre nuestros servicios  <\/span>\n\t\t\t\t\t<\/span>\n\t\t\t\t\t<\/a>\n\t\t\t\t\t\t\t\t<\/div>\n\t\t\t\t<\/div>\n\t\t\t\t<\/div>\n\t\t<div class=\"elementor-element elementor-element-83aa93a e-con-full e-flex elementor-invisible e-con e-parent\" data-id=\"83aa93a\" data-element_type=\"container\" data-e-type=\"container\" data-settings=\"{&quot;animation&quot;:&quot;fadeInUp&quot;,&quot;animation_delay&quot;:400,&quot;jet_parallax_layout_list&quot;:[]}\">\n\t\t<div class=\"elementor-element elementor-element-b920b63 e-con-full e-flex e-con e-child\" data-id=\"b920b63\" data-element_type=\"container\" data-e-type=\"container\" data-settings=\"{&quot;background_background&quot;:&quot;classic&quot;,&quot;jet_parallax_layout_list&quot;:[]}\">\n\t\t\t\t<div class=\"elementor-element elementor-element-7eb9a28 elementor-widget elementor-widget-heading\" data-id=\"7eb9a28\" data-element_type=\"widget\" data-e-type=\"widget\" data-widget_type=\"heading.default\">\n\t\t\t\t\t<h3 class=\"elementor-heading-title elementor-size-default\">EXPERIENCIA<\/h3>\t\t\t\t<\/div>\n\t\t\t\t<\/div>\n\t\t<div class=\"elementor-element elementor-element-ec287c5 e-con-full e-flex e-con e-child\" data-id=\"ec287c5\" data-element_type=\"container\" data-e-type=\"container\" data-settings=\"{&quot;jet_parallax_layout_list&quot;:[]}\">\n\t\t\t\t<div class=\"elementor-element elementor-element-b935625 elementor-widget__width-initial elementor-widget elementor-widget-text-editor\" data-id=\"b935625\" data-element_type=\"widget\" data-e-type=\"widget\" data-widget_type=\"text-editor.default\">\n\t\t\t\t\t\t\t\t\t<p>Somos una empresa, con m\u00e1s de 40 a\u00f1os de experiencia, comprometida con la transparencia, innovaci\u00f3n y satisfacci\u00f3n del cliente, ofreciendo soluciones excepcionales desde el primer d\u00eda.  <\/p>\t\t\t\t\t\t\t\t<\/div>\n\t\t\t\t<div class=\"elementor-element elementor-element-5cbfce1 elementor-mobile-align-center elementor-widget elementor-widget-button\" data-id=\"5cbfce1\" data-element_type=\"widget\" data-e-type=\"widget\" data-widget_type=\"button.default\">\n\t\t\t\t\t\t\t\t\t\t<a class=\"elementor-button elementor-button-link elementor-size-sm\" href=\"https:\/\/juper.cat\/es\/nosotros\/\">\n\t\t\t\t\t\t<span class=\"elementor-button-content-wrapper\">\n\t\t\t\t\t\t\t\t\t<span class=\"elementor-button-text\">Con\u00f3cenos mejor  <\/span>\n\t\t\t\t\t<\/span>\n\t\t\t\t\t<\/a>\n\t\t\t\t\t\t\t\t<\/div>\n\t\t\t\t<\/div>\n\t\t\t\t<\/div>\n\t\t<div class=\"elementor-element elementor-element-a5cd9bd e-con-full animated-slow e-flex elementor-invisible e-con e-parent\" data-id=\"a5cd9bd\" data-element_type=\"container\" data-e-type=\"container\" data-settings=\"{&quot;background_background&quot;:&quot;classic&quot;,&quot;jet_parallax_layout_list&quot;:[],&quot;animation&quot;:&quot;fadeInRight&quot;,&quot;animation_delay&quot;:200}\">\n\t\t\t\t<div class=\"elementor-element elementor-element-644f8fd text-promo elementor-widget elementor-widget-heading\" data-id=\"644f8fd\" data-element_type=\"widget\" data-e-type=\"widget\" data-widget_type=\"heading.default\">\n\t\t\t\t\t<h4 class=\"elementor-heading-title elementor-size-default\">Hagamos realidad el tuyo<span> proyecto  <span><\/h4>\t\t\t\t<\/div>\n\t\t\t\t<div class=\"elementor-element elementor-element-002d05c elementor-align-center elementor-widget elementor-widget-button\" data-id=\"002d05c\" data-element_type=\"widget\" data-e-type=\"widget\" data-widget_type=\"button.default\">\n\t\t\t\t\t\t\t\t\t\t<a class=\"elementor-button elementor-button-link elementor-size-sm\" href=\"https:\/\/juper.cat\/es\/contacto\/\">\n\t\t\t\t\t\t<span class=\"elementor-button-content-wrapper\">\n\t\t\t\t\t\t\t\t\t<span class=\"elementor-button-text\">Contacta con nosotros<\/span>\n\t\t\t\t\t<\/span>\n\t\t\t\t\t<\/a>\n\t\t\t\t\t\t\t\t<\/div>\n\t\t\t\t<\/div>\n\t\t\t\t<\/div>\n\t\t","protected":false},"excerpt":{"rendered":"<p>Juper, soluciones creativas Todo lo que necesitas, en un solo lugar: dise\u00f1o, fabricaci\u00f3n e instalaci\u00f3n Dise\u00f1amos, fabricamos e instalamos r\u00f3tulos que dan vida a tu marca. Materiales de calidad, acabados impecables y servicio integral para hacer realidad tu proyecto. Ver proyectos SERVICIOS Ofrecemos un servicio integral ajustado a sus necesidades que va desde la creaci\u00f3n [&hellip;]<\/p>\n","protected":false},"author":1,"featured_media":304,"parent":0,"menu_order":0,"comment_status":"closed","ping_status":"closed","template":"elementor_header_footer","meta":{"footnotes":""},"class_list":["post-283","page","type-page","status-publish","has-post-thumbnail","hentry"],"yoast_head":"<!-- This site is optimized with the Yoast SEO plugin v27.4 - https:\/\/yoast.com\/product\/yoast-seo-wordpress\/ -->\n<title>Inicio - Juper<\/title>\n<meta name=\"robots\" content=\"index, follow, max-snippet:-1, max-image-preview:large, max-video-preview:-1\" \/>\n<link rel=\"canonical\" href=\"https:\/\/juper.cat\/es\/\" \/>\n<meta property=\"og:locale\" content=\"es_ES\" \/>\n<meta property=\"og:type\" content=\"article\" \/>\n<meta property=\"og:title\" content=\"Inicio - Juper\" \/>\n<meta property=\"og:description\" content=\"Juper, soluciones creativas Todo lo que necesitas, en un solo lugar: dise\u00f1o, fabricaci\u00f3n e instalaci\u00f3n Dise\u00f1amos, fabricamos e instalamos r\u00f3tulos que dan vida a tu marca. Materiales de calidad, acabados impecables y servicio integral para hacer realidad tu proyecto. Ver proyectos SERVICIOS Ofrecemos un servicio integral ajustado a sus necesidades que va desde la creaci\u00f3n [&hellip;]\" \/>\n<meta property=\"og:url\" content=\"https:\/\/juper.cat\/es\/\" \/>\n<meta property=\"og:site_name\" content=\"Juper\" \/>\n<meta property=\"article:modified_time\" content=\"2026-02-23T11:43:48+00:00\" \/>\n<meta property=\"og:image\" content=\"https:\/\/juper.cat\/wp-content\/uploads\/2026\/02\/Captura-de-pantalla-2026-01-27-a-les-13.40.29-1.png\" \/>\n\t<meta property=\"og:image:width\" content=\"160\" \/>\n\t<meta property=\"og:image:height\" content=\"145\" \/>\n\t<meta property=\"og:image:type\" content=\"image\/png\" \/>\n<meta name=\"twitter:card\" content=\"summary_large_image\" \/>\n<meta name=\"twitter:label1\" content=\"Tiempo de lectura\" \/>\n\t<meta name=\"twitter:data1\" content=\"1 minuto\" \/>\n<script type=\"application\/ld+json\" class=\"yoast-schema-graph\">{\"@context\":\"https:\\\/\\\/schema.org\",\"@graph\":[{\"@type\":\"WebPage\",\"@id\":\"https:\\\/\\\/juper.cat\\\/es\\\/\",\"url\":\"https:\\\/\\\/juper.cat\\\/es\\\/\",\"name\":\"Inicio - Juper\",\"isPartOf\":{\"@id\":\"https:\\\/\\\/juper.cat\\\/es\\\/#website\"},\"primaryImageOfPage\":{\"@id\":\"https:\\\/\\\/juper.cat\\\/es\\\/#primaryimage\"},\"image\":{\"@id\":\"https:\\\/\\\/juper.cat\\\/es\\\/#primaryimage\"},\"thumbnailUrl\":\"https:\\\/\\\/juper.cat\\\/wp-content\\\/uploads\\\/2026\\\/02\\\/Captura-de-pantalla-2026-01-27-a-les-13.40.29-1.png\",\"datePublished\":\"2026-02-03T10:48:27+00:00\",\"dateModified\":\"2026-02-23T11:43:48+00:00\",\"breadcrumb\":{\"@id\":\"https:\\\/\\\/juper.cat\\\/es\\\/#breadcrumb\"},\"inLanguage\":\"es\",\"potentialAction\":[{\"@type\":\"ReadAction\",\"target\":[\"https:\\\/\\\/juper.cat\\\/es\\\/\"]}]},{\"@type\":\"ImageObject\",\"inLanguage\":\"es\",\"@id\":\"https:\\\/\\\/juper.cat\\\/es\\\/#primaryimage\",\"url\":\"https:\\\/\\\/juper.cat\\\/wp-content\\\/uploads\\\/2026\\\/02\\\/Captura-de-pantalla-2026-01-27-a-les-13.40.29-1.png\",\"contentUrl\":\"https:\\\/\\\/juper.cat\\\/wp-content\\\/uploads\\\/2026\\\/02\\\/Captura-de-pantalla-2026-01-27-a-les-13.40.29-1.png\",\"width\":160,\"height\":145,\"caption\":\"Logo Juper\"},{\"@type\":\"BreadcrumbList\",\"@id\":\"https:\\\/\\\/juper.cat\\\/es\\\/#breadcrumb\",\"itemListElement\":[{\"@type\":\"ListItem\",\"position\":1,\"name\":\"Inici\",\"item\":\"https:\\\/\\\/juper.cat\\\/es\\\/inicio\\\/\"},{\"@type\":\"ListItem\",\"position\":2,\"name\":\"Inicio\"}]},{\"@type\":\"WebSite\",\"@id\":\"https:\\\/\\\/juper.cat\\\/es\\\/#website\",\"url\":\"https:\\\/\\\/juper.cat\\\/es\\\/\",\"name\":\"Juper\",\"description\":\"\",\"publisher\":{\"@id\":\"https:\\\/\\\/juper.cat\\\/es\\\/#organization\"},\"potentialAction\":[{\"@type\":\"SearchAction\",\"target\":{\"@type\":\"EntryPoint\",\"urlTemplate\":\"https:\\\/\\\/juper.cat\\\/es\\\/?s={search_term_string}\"},\"query-input\":{\"@type\":\"PropertyValueSpecification\",\"valueRequired\":true,\"valueName\":\"search_term_string\"}}],\"inLanguage\":\"es\"},{\"@type\":\"Organization\",\"@id\":\"https:\\\/\\\/juper.cat\\\/es\\\/#organization\",\"name\":\"Juper\",\"url\":\"https:\\\/\\\/juper.cat\\\/es\\\/\",\"logo\":{\"@type\":\"ImageObject\",\"inLanguage\":\"es\",\"@id\":\"https:\\\/\\\/juper.cat\\\/es\\\/#\\\/schema\\\/logo\\\/image\\\/\",\"url\":\"https:\\\/\\\/juper.cat\\\/wp-content\\\/uploads\\\/2026\\\/02\\\/Captura-de-pantalla-2026-02-03-a-les-11.07.57-1.png\",\"contentUrl\":\"https:\\\/\\\/juper.cat\\\/wp-content\\\/uploads\\\/2026\\\/02\\\/Captura-de-pantalla-2026-02-03-a-les-11.07.57-1.png\",\"width\":221,\"height\":67,\"caption\":\"Juper\"},\"image\":{\"@id\":\"https:\\\/\\\/juper.cat\\\/es\\\/#\\\/schema\\\/logo\\\/image\\\/\"}}]}<\/script>\n<!-- \/ Yoast SEO plugin. -->","yoast_head_json":{"title":"Inicio - Juper","robots":{"index":"index","follow":"follow","max-snippet":"max-snippet:-1","max-image-preview":"max-image-preview:large","max-video-preview":"max-video-preview:-1"},"canonical":"https:\/\/juper.cat\/es\/","og_locale":"es_ES","og_type":"article","og_title":"Inicio - Juper","og_description":"Juper, soluciones creativas Todo lo que necesitas, en un solo lugar: dise\u00f1o, fabricaci\u00f3n e instalaci\u00f3n Dise\u00f1amos, fabricamos e instalamos r\u00f3tulos que dan vida a tu marca. Materiales de calidad, acabados impecables y servicio integral para hacer realidad tu proyecto. Ver proyectos SERVICIOS Ofrecemos un servicio integral ajustado a sus necesidades que va desde la creaci\u00f3n [&hellip;]","og_url":"https:\/\/juper.cat\/es\/","og_site_name":"Juper","article_modified_time":"2026-02-23T11:43:48+00:00","og_image":[{"width":160,"height":145,"url":"https:\/\/juper.cat\/wp-content\/uploads\/2026\/02\/Captura-de-pantalla-2026-01-27-a-les-13.40.29-1.png","type":"image\/png"}],"twitter_card":"summary_large_image","twitter_misc":{"Tiempo de lectura":"1 minuto"},"schema":{"@context":"https:\/\/schema.org","@graph":[{"@type":"WebPage","@id":"https:\/\/juper.cat\/es\/","url":"https:\/\/juper.cat\/es\/","name":"Inicio - Juper","isPartOf":{"@id":"https:\/\/juper.cat\/es\/#website"},"primaryImageOfPage":{"@id":"https:\/\/juper.cat\/es\/#primaryimage"},"image":{"@id":"https:\/\/juper.cat\/es\/#primaryimage"},"thumbnailUrl":"https:\/\/juper.cat\/wp-content\/uploads\/2026\/02\/Captura-de-pantalla-2026-01-27-a-les-13.40.29-1.png","datePublished":"2026-02-03T10:48:27+00:00","dateModified":"2026-02-23T11:43:48+00:00","breadcrumb":{"@id":"https:\/\/juper.cat\/es\/#breadcrumb"},"inLanguage":"es","potentialAction":[{"@type":"ReadAction","target":["https:\/\/juper.cat\/es\/"]}]},{"@type":"ImageObject","inLanguage":"es","@id":"https:\/\/juper.cat\/es\/#primaryimage","url":"https:\/\/juper.cat\/wp-content\/uploads\/2026\/02\/Captura-de-pantalla-2026-01-27-a-les-13.40.29-1.png","contentUrl":"https:\/\/juper.cat\/wp-content\/uploads\/2026\/02\/Captura-de-pantalla-2026-01-27-a-les-13.40.29-1.png","width":160,"height":145,"caption":"Logo Juper"},{"@type":"BreadcrumbList","@id":"https:\/\/juper.cat\/es\/#breadcrumb","itemListElement":[{"@type":"ListItem","position":1,"name":"Inici","item":"https:\/\/juper.cat\/es\/inicio\/"},{"@type":"ListItem","position":2,"name":"Inicio"}]},{"@type":"WebSite","@id":"https:\/\/juper.cat\/es\/#website","url":"https:\/\/juper.cat\/es\/","name":"Juper","description":"","publisher":{"@id":"https:\/\/juper.cat\/es\/#organization"},"potentialAction":[{"@type":"SearchAction","target":{"@type":"EntryPoint","urlTemplate":"https:\/\/juper.cat\/es\/?s={search_term_string}"},"query-input":{"@type":"PropertyValueSpecification","valueRequired":true,"valueName":"search_term_string"}}],"inLanguage":"es"},{"@type":"Organization","@id":"https:\/\/juper.cat\/es\/#organization","name":"Juper","url":"https:\/\/juper.cat\/es\/","logo":{"@type":"ImageObject","inLanguage":"es","@id":"https:\/\/juper.cat\/es\/#\/schema\/logo\/image\/","url":"https:\/\/juper.cat\/wp-content\/uploads\/2026\/02\/Captura-de-pantalla-2026-02-03-a-les-11.07.57-1.png","contentUrl":"https:\/\/juper.cat\/wp-content\/uploads\/2026\/02\/Captura-de-pantalla-2026-02-03-a-les-11.07.57-1.png","width":221,"height":67,"caption":"Juper"},"image":{"@id":"https:\/\/juper.cat\/es\/#\/schema\/logo\/image\/"}}]}},"_links":{"self":[{"href":"https:\/\/juper.cat\/es\/wp-json\/wp\/v2\/pages\/283","targetHints":{"allow":["GET"]}}],"collection":[{"href":"https:\/\/juper.cat\/es\/wp-json\/wp\/v2\/pages"}],"about":[{"href":"https:\/\/juper.cat\/es\/wp-json\/wp\/v2\/types\/page"}],"author":[{"embeddable":true,"href":"https:\/\/juper.cat\/es\/wp-json\/wp\/v2\/users\/1"}],"replies":[{"embeddable":true,"href":"https:\/\/juper.cat\/es\/wp-json\/wp\/v2\/comments?post=283"}],"version-history":[{"count":5,"href":"https:\/\/juper.cat\/es\/wp-json\/wp\/v2\/pages\/283\/revisions"}],"predecessor-version":[{"id":338,"href":"https:\/\/juper.cat\/es\/wp-json\/wp\/v2\/pages\/283\/revisions\/338"}],"wp:featuredmedia":[{"embeddable":true,"href":"https:\/\/juper.cat\/es\/wp-json\/wp\/v2\/media\/304"}],"wp:attachment":[{"href":"https:\/\/juper.cat\/es\/wp-json\/wp\/v2\/media?parent=283"}],"curies":[{"name":"wp","href":"https:\/\/api.w.org\/{rel}","templated":true}]}}